{"id":14,"date":"2011-09-21T22:37:39","date_gmt":"2011-09-21T22:37:39","guid":{"rendered":"http:\/\/guiadeviajecanariascom.wordpress.com\/?page_id=2"},"modified":"2016-03-21T11:35:41","modified_gmt":"2016-03-21T11:35:41","slug":"quienessomos","status":"publish","type":"page","link":"https:\/\/www.canarias.com\/blog\/quienessomos\/","title":{"rendered":"Qui\u00e9nes Somos"},"content":{"rendered":"<p><a href=\"http:\/\/www.canarias.com\/blog\/wp-content\/uploads\/2011\/09\/og-viajes-canarias-1.jpg\"><img loading=\"lazy\" class=\"alignleft size-full wp-image-469\" src=\"http:\/\/www.canarias.com\/blog\/wp-content\/uploads\/2011\/09\/og-viajes-canarias-1.jpg\" alt=\"Blog de Canarias.com\" width=\"400\" height=\"400\" srcset=\"https:\/\/www.canarias.com\/blog\/wp-content\/uploads\/2011\/09\/og-viajes-canarias-1.jpg 400w, https:\/\/www.canarias.com\/blog\/wp-content\/uploads\/2011\/09\/og-viajes-canarias-1-150x150.jpg 150w, https:\/\/www.canarias.com\/blog\/wp-content\/uploads\/2011\/09\/og-viajes-canarias-1-300x300.jpg 300w\" sizes=\"(max-width: 400px) 100vw, 400px\" \/><\/a><\/p>\n<h1><strong>Canarias.com &#8211; \u00bfQuienes Somos?<\/strong><\/h1>\n<p><strong><br \/>\nCanarias.com<\/strong> es una\u00a0Agencia de Viajes mayorista\/minorista especializada en reserva de hoteles, vuelos y alquiler de coches en toda Espa\u00f1a y Europa.<\/p>\n<p>Te ofrecemos una atenci\u00f3n personalizada y con un s\u00f3lo click organizaremos todas tus vacaciones.<\/p>\n<p>Nuestro equipo siempre est\u00e1 a la caza de las mejores ofertas de hoteles, vuelos, paquetes de vuelo + hotel, y alquiler de coches sin bajar la calidad para que siempre consigas las mejores gangas!<\/p>\n<p>Adem\u00e1s, los precios que aparecen en nuestra web son finales y sin sorpresas ni sobresaltos de \u00faltima hora.<br \/>\n<strong>Cont\u00e1ctanos:<\/strong><\/p>\n<p>E-mail de contacto: contact@canarias.com<br \/>\nFacebook: http:\/\/www.facebook.com\/canarias.co<br \/>\nTwitter: @canariascom<\/p>\n<p><strong>Oficina Central:<\/strong> Direcci\u00f3n: Av Las Am\u00e9ricas, cc Americas Plaza Loc 26<br \/>\nArona. Tenerife<\/p>\n<p>Tel\u00e9fono: +34 902 995 950 \/ +34 922 792 919<br \/>\nFax: +34 902 550 493<\/p>\n","protected":false},"excerpt":{"rendered":"<p>Canarias.com &#8211; \u00bfQuienes Somos? Canarias.com es una\u00a0Agencia de Viajes mayorista\/minorista especializada en reserva de hoteles, vuelos y alquiler de coches en toda Espa\u00f1a y Europa. Te ofrecemos una atenci\u00f3n personalizada y con un s\u00f3lo click organizaremos todas tus vacaciones. Nuestro equipo siempre est\u00e1 a la caza de las mejores ofertas de hoteles, vuelos, paquetes de [&hellip;]<\/p>\n","protected":false},"author":1,"featured_media":0,"parent":0,"menu_order":1,"comment_status":"open","ping_status":"open","template":"","meta":[],"_links":{"self":[{"href":"https:\/\/www.canarias.com\/blog\/wp-json\/wp\/v2\/pages\/14"}],"collection":[{"href":"https:\/\/www.canarias.com\/blog\/wp-json\/wp\/v2\/pages"}],"about":[{"href":"https:\/\/www.canarias.com\/blog\/wp-json\/wp\/v2\/types\/page"}],"author":[{"embeddable":true,"href":"https:\/\/www.canarias.com\/blog\/wp-json\/wp\/v2\/users\/1"}],"replies":[{"embeddable":true,"href":"https:\/\/www.canarias.com\/blog\/wp-json\/wp\/v2\/comments?post=14"}],"version-history":[{"count":5,"href":"https:\/\/www.canarias.com\/blog\/wp-json\/wp\/v2\/pages\/14\/revisions"}],"predecessor-version":[{"id":3612,"href":"https:\/\/www.canarias.com\/blog\/wp-json\/wp\/v2\/pages\/14\/revisions\/3612"}],"wp:attachment":[{"href":"https:\/\/www.canarias.com\/blog\/wp-json\/wp\/v2\/media?parent=14"}],"curies":[{"name":"wp","href":"https:\/\/api.w.org\/{rel}","templated":true}]}}